{"id":1348,"date":"2022-11-18T11:57:59","date_gmt":"2022-11-18T11:57:59","guid":{"rendered":"https:\/\/www.recargatuc.es\/?page_id=1348"},"modified":"2023-02-20T14:03:45","modified_gmt":"2023-02-20T14:03:45","slug":"condiciones-de-venta-y-devolucion","status":"publish","type":"page","link":"https:\/\/www.recargatuc.es\/eu\/condiciones-de-venta-y-devolucion\/","title":{"rendered":"Condiciones de venta y devoluci\u00f3n"},"content":{"rendered":"\t\t<div data-elementor-type=\"wp-page\" data-elementor-id=\"1348\" class=\"elementor elementor-1348\">\n\t\t\t\t\t\t\t\t\t<section class=\"elementor-section elementor-top-section elementor-element elementor-element-5d3ec84 elementor-section-boxed elementor-section-height-default elementor-section-height-default\" data-id=\"5d3ec84\" data-element_type=\"section\">\n\t\t\t\t\t\t<div class=\"elementor-container elementor-column-gap-default\">\n\t\t\t\t\t<div class=\"elementor-column elementor-col-100 elementor-top-column elementor-element elementor-element-e9a9b7a\" data-id=\"e9a9b7a\" data-element_type=\"column\">\n\t\t\t<div class=\"elementor-widget-wrap elementor-element-populated\">\n\t\t\t\t\t\t\t\t<div class=\"elementor-element elementor-element-3870d25 elementor-widget elementor-widget-html\" data-id=\"3870d25\" data-element_type=\"widget\" data-widget_type=\"html.default\">\n\t\t\t\t<div class=\"elementor-widget-container\">\n\t\t\t<h3>CONDICIONES DE VENTA, DEVOLUCI\u00d3N Y CANCELACI\u00d3N DE RECARGAS DE LAS TARJETAS PREPAGO DE USO EN EL TRANSPORTE URBANO COMARCAL DE LA MANCOMUNIDAD DE LA COMARCA DE PAMPLONA<\/h3><br\/><br\/>\n<b>Primera 1.-<\/b> La operaci\u00f3n de carga\/recarga de la Tarjeta implica la conversi\u00f3n inmediata del efectivo en unidades de pago, no teniendo dicha operaci\u00f3n la consideraci\u00f3n de dep\u00f3sito en ning\u00fan momento y a ning\u00fan efecto, y siendo dicha operaci\u00f3n absolutamente irreversible. Por ello, el usuario no estar\u00e1 facultado para reclamar a MCP el reembolso de las unidades de pago pendientes de uso, renunciando expresamente a este derecho mediante la aceptaci\u00f3n de las presentes condiciones de utilizaci\u00f3n.<br\/>\nNo se admiten cambios ni devoluciones de las recargas de unidades de intercambio. S\u00f3lo se permitir\u00e1n transferencias de saldo entre tarjetas del mismo titular. \n<br\/>\n<b>Segunda 2.-<\/b> La duraci\u00f3n de las unidades de pago ser\u00e1 de 4 a\u00f1os, a contar de fecha a fecha desde el d\u00eda en que se produjo la correspondiente carga\/recarga de la Tarjeta, entendi\u00e9ndose consumidas preferentemente las unidades de pago de fecha anterior de carga\/recarga.<br\/>\n<b>Tercera 3.-<\/b> Recuperaci\u00f3n de Saldos. El deterioro de la tarjeta puede dar lugar a la posibilidad de recuperar el saldo de \u00e9sta e incorporarlo a una nueva tarjeta emitida, cuyas condiciones se regular\u00e1n espec\u00edficamente.<br\/>\n<b>Cuarta 4.-<\/b> Fraudes. La detecci\u00f3n de recargas fraudulentas en las tarjetas personalizadas, sin perjuicio de las implicaciones penales de las mismas, puede dar lugar a sanciones administrativas establecidas.<br\/>\n<b>Quinta 5.-<\/b> En caso de beneficiarse de alg\u00fan descuento ser\u00e1 requerido para acreditar el derecho al mismo mediante el correspondiente documento que lo justifique. En caso contrario, no se aplicar\u00e1 dicha ventaja o precio bonificado.<br\/>\n<b>Sexta 6.-<\/b> El pago se realizar\u00e1 a trav\u00e9s de TPV virtual mediante tarjeta de cr\u00e9dito o d\u00e9bito. \u00danicamente la entidad bancaria acceder\u00e1 a sus datos bancarios siendo el proceso de pago totalmente confidencial. <br\/>\n<b>S\u00e9ptima 7.-<\/b> Los datos personales facilitados en el proceso de compra de t\u00edtulos de transporte o recargas de monedero ser\u00e1n tratados por el Responsable del tratamiento (MCP) para la estricta finalidad de gestionar dicho servicio.<br\/>\nPodr\u00e1 acceder, rectificar y suprimir los datos, as\u00ed como otros derechos, como se explica en la Pol\u00edtica de Privacidad. <br\/>\nPuede consultar Informaci\u00f3n adicional y detallada en <a href=\"https:\/\/www.recargatuc.es\" target=\"_blank\">https:\/\/www.recargatuc.es<\/a>\t\t<\/div>\n\t\t\t\t<\/div>\n\t\t\t\t\t<\/div>\n\t\t<\/div>\n\t\t\t\t\t\t\t<\/div>\n\t\t<\/section>\n\t\t\t\t\t\t\t<\/div>\n\t\t","protected":false},"excerpt":{"rendered":"<p>CONDICIONES DE VENTA, DEVOLUCI\u00d3N Y CANCELACI\u00d3N DE RECARGAS DE LAS TARJETAS PREPAGO DE USO EN EL TRANSPORTE URBANO COMARCAL DE LA MANCOMUNIDAD DE LA COMARCA DE PAMPLONA Primera 1.- La operaci\u00f3n de carga\/recarga de la Tarjeta implica la conversi\u00f3n inmediata del efectivo en unidades de pago, no teniendo dicha operaci\u00f3n la consideraci\u00f3n de dep\u00f3sito en [&hellip;]<\/p>\n","protected":false},"author":5,"featured_media":0,"parent":0,"menu_order":0,"comment_status":"closed","ping_status":"closed","template":"","meta":[],"translation":{"provider":"WPGlobus","version":"2.10.10","language":"eu","enabled_languages":["es","eu"],"languages":{"es":{"title":true,"content":true,"excerpt":false},"eu":{"title":false,"content":false,"excerpt":false}}},"_links":{"self":[{"href":"https:\/\/www.recargatuc.es\/eu\/wp-json\/wp\/v2\/pages\/1348"}],"collection":[{"href":"https:\/\/www.recargatuc.es\/eu\/wp-json\/wp\/v2\/pages"}],"about":[{"href":"https:\/\/www.recargatuc.es\/eu\/wp-json\/wp\/v2\/types\/page"}],"author":[{"embeddable":true,"href":"https:\/\/www.recargatuc.es\/eu\/wp-json\/wp\/v2\/users\/5"}],"replies":[{"embeddable":true,"href":"https:\/\/www.recargatuc.es\/eu\/wp-json\/wp\/v2\/comments?post=1348"}],"version-history":[{"count":10,"href":"https:\/\/www.recargatuc.es\/eu\/wp-json\/wp\/v2\/pages\/1348\/revisions"}],"predecessor-version":[{"id":1362,"href":"https:\/\/www.recargatuc.es\/eu\/wp-json\/wp\/v2\/pages\/1348\/revisions\/1362"}],"wp:attachment":[{"href":"https:\/\/www.recargatuc.es\/eu\/wp-json\/wp\/v2\/media?parent=1348"}],"curies":[{"name":"wp","href":"https:\/\/api.w.org\/{rel}","templated":true}]}}